{"id":238577,"date":"2020-07-11T18:22:42","date_gmt":"2020-07-11T18:22:42","guid":{"rendered":"https:\/\/mihai.love\/mariagaia\/?page_id=238577"},"modified":"2020-07-11T18:22:47","modified_gmt":"2020-07-11T18:22:47","slug":"hai-in-trib","status":"publish","type":"page","link":"https:\/\/mihai.love\/mariagaia\/hai-in-trib\/","title":{"rendered":"Hai \u00een trib"},"content":{"rendered":"<div class=\"et_d4_element et_pb_section et_pb_section_1 et_pb_section_parallax et_pb_with_background  et_pb_css_mix_blend_mode et_section_regular et_block_section\" >\n\t\t\t\t\n\t\t\t\t<span class=\"et_parallax_bg_wrap et-pb-parallax-wrapper\"><span\n\t\t\t\t\t\tclass=\"et_parallax_bg et_pb_parallax_css et_parallax_bg--et_pb_section_1\"\n\t\t\t\t\t\tstyle=\"background-image: url(https:\/\/mihai.love\/mariagaia\/wp-content\/uploads\/sites\/3\/2020\/02\/massage-16-1.jpg);\"\n\t\t\t\t\t><\/span><\/span>\n\t\t\t\t\n\t\t\t\t\n\t\t\t\t\n\t\t\t\t\n\t\t\t\t<div class=\"et_d4_element et_pb_row et_pb_row_0  et_pb_css_mix_blend_mode et_block_row\">\n\t\t\t\t<div class=\"et_d4_element et_pb_column_4_4 et_pb_column et_pb_column_0  et_pb_css_mix_blend_mode et-last-child et_block_column\">\n\t\t\t\t\n\t\t\t\t\n\t\t\t\t\n\t\t\t\t\n\t\t\t\t<div class=\"et_pb_module et_d4_element et_pb_signup_0 et_pb_newsletter_layout_top_bottom et_pb_newsletter et_pb_subscribe clearfix  et_pb_text_align_left et_pb_bg_layout_dark\">\n\t\t\t\t\n\t\t\t\t\n\t\t\t\t\n\t\t\t\t\n\t\t\t\t<div class=\"et_pb_newsletter_description\"><h2 class=\"et_pb_module_header\">Hai \u00een trib<\/h2><div>\n<p>Te invit cu inima... Sor\u0103. Iubit\u0103 sor\u0103.<br \/>\nTe chem cu c\u00e2ntecul Mamei P\u0103m\u00e2nt \u0219i cu devo\u021biunea Mamei Divine.<br \/>\nAuzi c\u00e2ntecul?<br \/>\nVino \u00een Trib, Femeie Sora. Vino s\u0103 c\u00e2nt\u0103m \u00eempreun\u0103. Vino s\u0103 ne amintim<br \/>\nde noi, fiecare de Sine \u0219i apoi \u00cempreun\u0103, \u00een Cerc...<br \/>\nDac\u0103 vrei s\u0103 prime\u0219ti din c\u00e2nd \u00een c\u00e2nd ve\u0219ti despre ce se \u00eent\u00e2mpl\u0103<br \/>\naici, pe MariaGaia.org, te rog \u00eenscrie-te pentru newsletter <\/p>\n<\/div><\/div>\n\t\t\t\t\n\t\t\t\t<div class=\"et_pb_newsletter_form\">\n\t\t\t\t\t<form method=\"post\" class=\"et_pb_newsletter_custom_fields\">\n\t\t\t\t\t\t<div class=\"et_pb_newsletter_result et_pb_newsletter_error\"><\/div>\n\t\t\t\t\t\t<div class=\"et_pb_newsletter_result et_pb_newsletter_success\">\n\t\t\t\t\t\t\t<h2>Abonare reu\u0219it\u0103! Mul\u021bumesc!<\/h2>\n\t\t\t\t\t\t<\/div>\n\t\t\t\t\t\t<div class=\"et_pb_newsletter_fields\">\n\t\t\t\t\t\t\t\n\t\t\t\t\t<p class=\"et_pb_newsletter_field et_pb_contact_field_last et_pb_contact_field_last_tablet et_pb_contact_field_last_phone\">\n\t\t\t\t\t\t<label class=\"et_pb_contact_form_label\" for=\"et_pb_signup_firstname\" style=\"display: none;\">Name<\/label>\n\t\t\t\t\t\t<input id=\"et_pb_signup_firstname\" class=\"input\" type=\"text\" placeholder=\"Name\" name=\"et_pb_signup_firstname\">\n\t\t\t\t\t<\/p>\n\t\t\t\t\t\t\t\n\t\t\t\t\t\t\t\n\t\t\t\t\t<p class=\"et_pb_newsletter_field et_pb_contact_field_last et_pb_contact_field_last_tablet et_pb_contact_field_last_phone\">\n\t\t\t\t\t\t<label class=\"et_pb_contact_form_label\" for=\"et_pb_signup_email\" style=\"display: none;\">Email<\/label>\n\t\t\t\t\t\t<input id=\"et_pb_signup_email\" class=\"input\" type=\"text\" placeholder=\"Email\" name=\"et_pb_signup_email\">\n\t\t\t\t\t<\/p>\n\t\t\t\t\t\t\t\n\t\t\t\t\t\t\t\n\t\t\t\t\t<p class=\"et_pb_newsletter_button_wrap\">\n\t\t\t\t\t\t<a class=\"et_pb_newsletter_button et_pb_button\" href=\"#\" data-icon=\"\">\n\t\t\t\t\t\t\t<span class=\"et_subscribe_loader\"><\/span>\n\t\t\t\t\t\t\t<span class=\"et_pb_newsletter_button_text\">Abonare<\/span>\n\t\t\t\t\t\t<\/a>\n\t\t\t\t\t<\/p>\n\t\t\t\t\t\t\t\n\t\t\t\t\t\t<\/div>\n\t\t\t\t\t\t\n\t\t\t\t\t\t<input type=\"hidden\" value=\"mailchimp\" name=\"et_pb_signup_provider\" \/>\n\t\t\t\t\t\t<input type=\"hidden\" value=\"e842b00729\" name=\"et_pb_signup_list_id\" \/>\n\t\t\t\t\t\t<input type=\"hidden\" value=\"mariagaia\" name=\"et_pb_signup_account_name\" \/>\n\t\t\t\t\t\t<input type=\"hidden\" value=\"true\" name=\"et_pb_signup_ip_address\" \/><input type=\"hidden\" value=\"0bb0dc7d29424978300abf4a01db3f83\" name=\"et_pb_signup_checksum\" \/>\n\t\t\t\t\t<\/form>\n\t\t\t\t<\/div>\n\t\t\t<\/div>\n\t\t\t<\/div>\n\t\t\t\t\n\t\t\t\t\n\t\t\t\t\n\t\t\t\t\n\t\t\t<\/div>\n\t\t\t\t\n\t\t\t\t\n\t\t\t<\/div>\n","protected":false},"excerpt":{"rendered":"","protected":false},"author":1,"featured_media":0,"parent":0,"menu_order":0,"comment_status":"closed","ping_status":"closed","template":"","meta":{"_et_pb_use_builder":"on","_et_pb_old_content":"","_et_gb_content_width":"","footnotes":"","_et_pb_custom_css":""},"class_list":["post-238577","page","type-page","status-publish","hentry"],"_et_pb_custom_css":"","yoast_head":"<!-- This site is optimized with the Yoast SEO plugin v27.4 - https:\/\/yoast.com\/product\/yoast-seo-wordpress\/ -->\n<title>Hai \u00een trib - Maria Gaia by Laura Maria Yara<\/title>\n<meta name=\"robots\" content=\"index, follow, max-snippet:-1, max-image-preview:large, max-video-preview:-1\" \/>\n<link rel=\"canonical\" href=\"https:\/\/mihai.love\/mariagaia\/hai-in-trib\/\" \/>\n<meta property=\"og:locale\" content=\"en_US\" \/>\n<meta property=\"og:type\" content=\"article\" \/>\n<meta property=\"og:title\" content=\"Hai \u00een trib - Maria Gaia by Laura Maria Yara\" \/>\n<meta property=\"og:url\" content=\"https:\/\/mihai.love\/mariagaia\/hai-in-trib\/\" \/>\n<meta property=\"og:site_name\" content=\"Maria Gaia by Laura Maria Yara\" \/>\n<meta property=\"article:modified_time\" content=\"2020-07-11T18:22:47+00:00\" \/>\n<meta name=\"twitter:card\" content=\"summary_large_image\" \/>\n<meta name=\"twitter:label1\" content=\"Est. reading time\" \/>\n\t<meta name=\"twitter:data1\" content=\"2 minutes\" \/>\n<script type=\"application\/ld+json\" class=\"yoast-schema-graph\">{\"@context\":\"https:\\\/\\\/schema.org\",\"@graph\":[{\"@type\":\"WebPage\",\"@id\":\"https:\\\/\\\/mihai.love\\\/mariagaia\\\/hai-in-trib\\\/\",\"url\":\"https:\\\/\\\/mihai.love\\\/mariagaia\\\/hai-in-trib\\\/\",\"name\":\"Hai \u00een trib - Maria Gaia by Laura Maria Yara\",\"isPartOf\":{\"@id\":\"https:\\\/\\\/mihai.love\\\/mariagaia\\\/#website\"},\"datePublished\":\"2020-07-11T18:22:42+00:00\",\"dateModified\":\"2020-07-11T18:22:47+00:00\",\"breadcrumb\":{\"@id\":\"https:\\\/\\\/mihai.love\\\/mariagaia\\\/hai-in-trib\\\/#breadcrumb\"},\"inLanguage\":\"en-US\",\"potentialAction\":[{\"@type\":\"ReadAction\",\"target\":[\"https:\\\/\\\/mihai.love\\\/mariagaia\\\/hai-in-trib\\\/\"]}]},{\"@type\":\"BreadcrumbList\",\"@id\":\"https:\\\/\\\/mihai.love\\\/mariagaia\\\/hai-in-trib\\\/#breadcrumb\",\"itemListElement\":[{\"@type\":\"ListItem\",\"position\":1,\"name\":\"Home\",\"item\":\"https:\\\/\\\/mihai.love\\\/mariagaia\\\/\"},{\"@type\":\"ListItem\",\"position\":2,\"name\":\"Hai \u00een trib\"}]},{\"@type\":\"WebSite\",\"@id\":\"https:\\\/\\\/mihai.love\\\/mariagaia\\\/#website\",\"url\":\"https:\\\/\\\/mihai.love\\\/mariagaia\\\/\",\"name\":\"Maria Gaia by Laura Maria Yara\",\"description\":\"by Laura Maria Yara\",\"potentialAction\":[{\"@type\":\"SearchAction\",\"target\":{\"@type\":\"EntryPoint\",\"urlTemplate\":\"https:\\\/\\\/mihai.love\\\/mariagaia\\\/?s={search_term_string}\"},\"query-input\":{\"@type\":\"PropertyValueSpecification\",\"valueRequired\":true,\"valueName\":\"search_term_string\"}}],\"inLanguage\":\"en-US\"}]}<\/script>\n<!-- \/ Yoast SEO plugin. -->","yoast_head_json":{"title":"Hai \u00een trib - Maria Gaia by Laura Maria Yara","robots":{"index":"index","follow":"follow","max-snippet":"max-snippet:-1","max-image-preview":"max-image-preview:large","max-video-preview":"max-video-preview:-1"},"canonical":"https:\/\/mihai.love\/mariagaia\/hai-in-trib\/","og_locale":"en_US","og_type":"article","og_title":"Hai \u00een trib - Maria Gaia by Laura Maria Yara","og_url":"https:\/\/mihai.love\/mariagaia\/hai-in-trib\/","og_site_name":"Maria Gaia by Laura Maria Yara","article_modified_time":"2020-07-11T18:22:47+00:00","twitter_card":"summary_large_image","twitter_misc":{"Est. reading time":"2 minutes"},"schema":{"@context":"https:\/\/schema.org","@graph":[{"@type":"WebPage","@id":"https:\/\/mihai.love\/mariagaia\/hai-in-trib\/","url":"https:\/\/mihai.love\/mariagaia\/hai-in-trib\/","name":"Hai \u00een trib - Maria Gaia by Laura Maria Yara","isPartOf":{"@id":"https:\/\/mihai.love\/mariagaia\/#website"},"datePublished":"2020-07-11T18:22:42+00:00","dateModified":"2020-07-11T18:22:47+00:00","breadcrumb":{"@id":"https:\/\/mihai.love\/mariagaia\/hai-in-trib\/#breadcrumb"},"inLanguage":"en-US","potentialAction":[{"@type":"ReadAction","target":["https:\/\/mihai.love\/mariagaia\/hai-in-trib\/"]}]},{"@type":"BreadcrumbList","@id":"https:\/\/mihai.love\/mariagaia\/hai-in-trib\/#breadcrumb","itemListElement":[{"@type":"ListItem","position":1,"name":"Home","item":"https:\/\/mihai.love\/mariagaia\/"},{"@type":"ListItem","position":2,"name":"Hai \u00een trib"}]},{"@type":"WebSite","@id":"https:\/\/mihai.love\/mariagaia\/#website","url":"https:\/\/mihai.love\/mariagaia\/","name":"Maria Gaia by Laura Maria Yara","description":"by Laura Maria Yara","potentialAction":[{"@type":"SearchAction","target":{"@type":"EntryPoint","urlTemplate":"https:\/\/mihai.love\/mariagaia\/?s={search_term_string}"},"query-input":{"@type":"PropertyValueSpecification","valueRequired":true,"valueName":"search_term_string"}}],"inLanguage":"en-US"}]}},"_links":{"self":[{"href":"https:\/\/mihai.love\/mariagaia\/wp-json\/wp\/v2\/pages\/238577","targetHints":{"allow":["GET"]}}],"collection":[{"href":"https:\/\/mihai.love\/mariagaia\/wp-json\/wp\/v2\/pages"}],"about":[{"href":"https:\/\/mihai.love\/mariagaia\/wp-json\/wp\/v2\/types\/page"}],"author":[{"embeddable":true,"href":"https:\/\/mihai.love\/mariagaia\/wp-json\/wp\/v2\/users\/1"}],"replies":[{"embeddable":true,"href":"https:\/\/mihai.love\/mariagaia\/wp-json\/wp\/v2\/comments?post=238577"}],"version-history":[{"count":2,"href":"https:\/\/mihai.love\/mariagaia\/wp-json\/wp\/v2\/pages\/238577\/revisions"}],"predecessor-version":[{"id":238582,"href":"https:\/\/mihai.love\/mariagaia\/wp-json\/wp\/v2\/pages\/238577\/revisions\/238582"}],"wp:attachment":[{"href":"https:\/\/mihai.love\/mariagaia\/wp-json\/wp\/v2\/media?parent=238577"}],"curies":[{"name":"wp","href":"https:\/\/api.w.org\/{rel}","templated":true}]}}