{"id":206083,"date":"2018-11-21T09:42:22","date_gmt":"2018-11-21T09:42:22","guid":{"rendered":"https:\/\/mihai.love\/romaniahealing\/?page_id=206083"},"modified":"2020-03-14T17:09:40","modified_gmt":"2020-03-14T17:09:40","slug":"comunitate","status":"publish","type":"page","link":"https:\/\/mihai.love\/romaniahealing\/comunitate\/","title":{"rendered":"Comunitate"},"content":{"rendered":"<p>[et_pb_section fb_built=&#8221;1&#8243; inner_shadow=&#8221;on&#8221; admin_label=&#8221;Header&#8221; _builder_version=&#8221;4.0.11&#8243; background_color=&#8221;#ffffff&#8221; use_background_color_gradient=&#8221;on&#8221; background_color_gradient_start=&#8221;rgba(1,48,70,0.72)&#8221; background_color_gradient_end=&#8221;rgba(4,112,72,0.47)&#8221; background_color_gradient_type=&#8221;radial&#8221; background_color_gradient_start_position=&#8221;26%&#8221; background_color_gradient_end_position=&#8221;82%&#8221; background_color_gradient_overlays_image=&#8221;on&#8221; background_image=&#8221;https:\/\/cdn.mihai.love\/romaniahealing\/wp-content\/uploads\/sites\/6\/2019\/01\/victor-garcia-1057436-unsplash.jpg&#8221; custom_margin=&#8221;||||false&#8221; custom_padding=&#8221;220px||220px||true|false&#8221; bottom_divider_color=&#8221;#fafafa&#8221; bottom_divider_height=&#8221;80px&#8221;][et_pb_row _builder_version=&#8221;3.25&#8243; background_size=&#8221;contain&#8221; animation_style=&#8221;zoom&#8221; animation_intensity_zoom=&#8221;10%&#8221;][et_pb_column type=&#8221;4_4&#8243; _builder_version=&#8221;3.25&#8243; custom_padding=&#8221;|||&#8221; custom_padding__hover=&#8221;|||&#8221;][et_pb_text _builder_version=&#8221;4.3&#8243; text_font=&#8221;||||||||&#8221; ul_font=&#8221;||||||||&#8221; ol_font=&#8221;||||||||&#8221; header_font=&#8221;Montserrat|500||on|||||&#8221; header_font_size=&#8221;18px&#8221; header_letter_spacing=&#8221;5px&#8221; header_line_height=&#8221;1.5em&#8221; header_2_font=&#8221;Merriweather|700|||||||&#8221; header_2_font_size=&#8221;60px&#8221; header_2_line_height=&#8221;1.4em&#8221; header_3_font=&#8221;||||||||&#8221; header_4_font=&#8221;||||||||&#8221; header_5_font=&#8221;||||||||&#8221; header_6_font=&#8221;||||||||&#8221; text_orientation=&#8221;center&#8221; background_layout=&#8221;dark&#8221; hover_enabled=&#8221;0&#8243; header_font_size_tablet=&#8221;&#8221; header_font_size_phone=&#8221;12px&#8221; header_font_size_last_edited=&#8221;on|desktop&#8221; header_2_font_size_tablet=&#8221;50px&#8221; header_2_font_size_phone=&#8221;30px&#8221; header_2_font_size_last_edited=&#8221;on|desktop&#8221; text_text_shadow_style=&#8221;preset1&#8243; text_text_shadow_vertical_length=&#8221;0.31em&#8221; text_text_shadow_blur_strength=&#8221;0.88em&#8221; text_text_shadow_color=&#8221;rgba(0,0,0,0.62)&#8221; header_text_shadow_style=&#8221;preset1&#8243; header_text_shadow_vertical_length=&#8221;0.33em&#8221; header_text_shadow_blur_strength=&#8221;0.88em&#8221; header_text_shadow_color=&#8221;rgba(0,0,0,0.64)&#8221;]<\/p>\n<h2>Comunitate<\/h2>\n<h1>Aboneaz\u0103-te gratuit pentru a fi la curent<br \/> cu tot ceea ce preg\u0103tim pentru tine.<\/h1>\n<p>[\/et_pb_text][\/et_pb_column][\/et_pb_row][\/et_pb_section][et_pb_section fb_built=&#8221;1&#8243; admin_label=&#8221;Contact&#8221; _builder_version=&#8221;3.22&#8243; custom_margin=&#8221;|||&#8221; custom_padding=&#8221;50px|0px|100px|0px|false|false&#8221;][et_pb_row column_structure=&#8221;1_3,2_3&#8243; custom_padding_last_edited=&#8221;on|phone&#8221; _builder_version=&#8221;3.19.4&#8243; background_color=&#8221;#047048&#8243; use_background_color_gradient=&#8221;on&#8221; background_color_gradient_start=&#8221;#047048&#8243; background_color_gradient_end=&#8221;#013046&#8243; custom_margin=&#8221;-150px|||&#8221; custom_margin_tablet=&#8221;0px|||&#8221; custom_margin_phone=&#8221;|||&#8221; custom_margin_last_edited=&#8221;on|tablet&#8221; custom_padding=&#8221;80px|4%|80px|4%|true|true&#8221; custom_padding_tablet=&#8221;|50px||50px||true&#8221; custom_padding_phone=&#8221;24px|24px|24px|24px|true|true&#8221; animation_style=&#8221;zoom&#8221; animation_intensity_zoom=&#8221;2%&#8221; box_shadow_style=&#8221;preset3&#8243; box_shadow_vertical=&#8221;100px&#8221; box_shadow_blur=&#8221;100px&#8221; box_shadow_spread=&#8221;-60px&#8221; global_module=&#8221;206433&#8243; saved_tabs=&#8221;all&#8221;][et_pb_column type=&#8221;1_3&#8243; _builder_version=&#8221;3.25&#8243; custom_padding=&#8221;|||&#8221; custom_padding__hover=&#8221;|||&#8221;][et_pb_text _builder_version=&#8221;3.27.4&#8243; text_font=&#8221;||||||||&#8221; background_layout=&#8221;dark&#8221;]<\/p>\n<p>Urm\u0103re\u0219te-ne \u0219i aici:<\/p>\n<p>[\/et_pb_text][et_pb_social_media_follow _builder_version=&#8221;3.17.6&#8243; border_radii=&#8221;on|100px|100px|100px|100px&#8221; locked=&#8221;off&#8221;][et_pb_social_media_follow_network social_network=&#8221;facebook&#8221; url=&#8221;https:\/\/www.facebook.com\/RomaniaHealing\/&#8221; _builder_version=&#8221;3.17.6&#8243; background_color=&#8221;rgba(0,33,183,0.8)&#8221; custom_margin=&#8221;|||&#8221; custom_padding=&#8221;10px|10px|10px|10px|true|true&#8221; follow_button=&#8221;off&#8221; url_new_window=&#8221;on&#8221;]facebook[\/et_pb_social_media_follow_network][et_pb_social_media_follow_network social_network=&#8221;linkedin&#8221; url=&#8221;https:\/\/www.linkedin.com\/company\/romania-healing\/&#8221; _builder_version=&#8221;3.17.6&#8243; background_color=&#8221;rgba(1,48,70,0.8)&#8221; custom_margin=&#8221;|||&#8221; custom_padding=&#8221;10px|10px|10px|10px|true|true&#8221; follow_button=&#8221;off&#8221; url_new_window=&#8221;on&#8221;]linkedin[\/et_pb_social_media_follow_network][et_pb_social_media_follow_network social_network=&#8221;instagram&#8221; url=&#8221;https:\/\/www.instagram.com\/romaniahealing\/&#8221; _builder_version=&#8221;3.17.6&#8243; background_color=&#8221;rgba(224,153,0,0.8)&#8221; custom_margin=&#8221;|||&#8221; custom_padding=&#8221;10px|10px|10px|10px|true|true&#8221; follow_button=&#8221;off&#8221; url_new_window=&#8221;on&#8221;]instagram[\/et_pb_social_media_follow_network][et_pb_social_media_follow_network social_network=&#8221;youtube&#8221; url=&#8221;https:\/\/www.youtube.com\/channel\/UC_ZiU5ZaEnYeZQ45Uoo0Mnw&#8221; _builder_version=&#8221;3.17.6&#8243; background_color=&#8221;rgba(224,43,32,0.8)&#8221; custom_margin=&#8221;|||&#8221; custom_padding=&#8221;10px|10px|10px|10px|true|true&#8221; follow_button=&#8221;off&#8221; url_new_window=&#8221;on&#8221;]youtube[\/et_pb_social_media_follow_network][\/et_pb_social_media_follow][et_pb_blurb _builder_version=&#8221;4.3&#8243; title=&#8221;Facebook Group&#8221; link_option_url=&#8221;https:\/\/www.facebook.com\/groups\/romaniahealing\/&#8221; url_new_window=&#8221;on&#8221; url=&#8221;Facebook Group&#8221; hover_enabled=&#8221;0&#8243; background_layout=&#8221;dark&#8221; image=&#8221;https:\/\/mihai.love\/romaniahealing\/wp-content\/uploads\/sites\/6\/2020\/03\/facebook-group-join.jpeg&#8221; border_radii_image=&#8221;on|33px|33px|33px|33px&#8221; child_filter_saturate=&#8221;158%&#8221; child_filter_invert=&#8221;100%&#8221; child_filter_sepia=&#8221;45%&#8221; child_filter_hue_rotate=&#8221;119deg&#8221; border_color_all_image=&#8221;#000000&#8243;]<\/p>\n<p><span>Romania Healing is the community of people tha<\/span><span class=\"text_exposed_show\">t live life with intention and create their own reality from their heart space.<br \/> <\/span><\/p>\n<p>[\/et_pb_blurb][\/et_pb_column][et_pb_column type=&#8221;2_3&#8243; _builder_version=&#8221;3.25&#8243; custom_padding=&#8221;|||&#8221; custom_padding__hover=&#8221;|||&#8221;][et_pb_signup mailchimp_list=&#8221;romaniahealing|8c128877ee&#8221; layout=&#8221;top_bottom&#8221; last_name_field=&#8221;off&#8221; success_message=&#8221;Bine ai venit! Te \u00eembr\u0103\u021bi\u0219\u0103m.&#8221; title=&#8221;Romania Healing Newsletter&#8221; button_text=&#8221;Abonare gratuit\u0103&#8221; description=&#8221;<\/p>\n<p><span>Trimite ocazional ve\u0219ti despre ini\u021biative care au poten\u021bialul de a v\u0103 ajuta s\u0103 tr\u0103i\u021bi o via\u021b\u0103 centrat\u0103 \u00een esen\u021ba voastr\u0103.<\/span><\/p>\n<p>&#8221; _builder_version=&#8221;4.3&#8243; form_field_background_color=&#8221;#f0f2f6&#8243; header_level=&#8221;h4&#8243; header_font=&#8221;Lato|700|||||||&#8221; header_font_size=&#8221;24px&#8221; header_line_height=&#8221;1.5em&#8221; body_font=&#8221;||||||||&#8221; body_font_size=&#8221;16px&#8221; body_line_height=&#8221;1.9em&#8221; form_field_font=&#8221;||||||||&#8221; form_field_line_height=&#8221;1.5em&#8221; use_background_color=&#8221;off&#8221; custom_button=&#8221;on&#8221; button_text_size=&#8221;16px&#8221; button_text_color=&#8221;#ffffff&#8221; button_bg_color=&#8221;#e09900&#8243; button_border_width=&#8221;10px&#8221; button_border_color=&#8221;rgba(210,159,104,0)&#8221; button_border_radius=&#8221;100px&#8221; button_font=&#8221;Lato|900|||||||&#8221; button_use_icon=&#8221;off&#8221; header_font_size_tablet=&#8221;&#8221; header_font_size_phone=&#8221;20px&#8221; header_font_size_last_edited=&#8221;on|phone&#8221; border_radii_fields=&#8221;on|36px|36px|36px|36px&#8221; box_shadow_style_button=&#8221;preset1&#8243; button_bg_color_hover=&#8221;#4159a0&#8243; locked=&#8221;off&#8221; button_text_size__hover_enabled=&#8221;off&#8221; button_one_text_size__hover_enabled=&#8221;off&#8221; button_two_text_size__hover_enabled=&#8221;off&#8221; button_text_color__hover_enabled=&#8221;off&#8221; button_one_text_color__hover_enabled=&#8221;off&#8221; button_two_text_color__hover_enabled=&#8221;off&#8221; button_border_width__hover_enabled=&#8221;off&#8221; button_one_border_width__hover_enabled=&#8221;off&#8221; button_two_border_width__hover_enabled=&#8221;off&#8221; button_border_color__hover_enabled=&#8221;off&#8221; button_one_border_color__hover_enabled=&#8221;off&#8221; button_two_border_color__hover_enabled=&#8221;off&#8221; button_border_radius__hover_enabled=&#8221;off&#8221; button_one_border_radius__hover_enabled=&#8221;off&#8221; button_two_border_radius__hover_enabled=&#8221;off&#8221; button_letter_spacing__hover_enabled=&#8221;off&#8221; button_one_letter_spacing__hover_enabled=&#8221;off&#8221; button_two_letter_spacing__hover_enabled=&#8221;off&#8221; button_bg_color__hover_enabled=&#8221;on&#8221; button_bg_color__hover=&#8221;#4159a0&#8243; button_one_bg_color__hover_enabled=&#8221;off&#8221; button_two_bg_color__hover_enabled=&#8221;off&#8221;][et_pb_signup_custom_field field_id=&#8221;4&#8243; field_title=&#8221;City&#8221; field_type=&#8221;input&#8221; _builder_version=&#8221;3.17.6&#8243; predefined_field=&#8221;4&#8243;][\/et_pb_signup_custom_field][\/et_pb_signup][\/et_pb_column][\/et_pb_row][\/et_pb_section]<\/p>\n","protected":false},"excerpt":{"rendered":"<p>[et_pb_section fb_built=&#8221;1&#8243; inner_shadow=&#8221;on&#8221; admin_label=&#8221;Header&#8221; _builder_version=&#8221;4.0.11&#8243; background_color=&#8221;#ffffff&#8221; use_background_color_gradient=&#8221;on&#8221; background_color_gradient_start=&#8221;rgba(1,48,70,0.72)&#8221; background_color_gradient_end=&#8221;rgba(4,112,72,0.47)&#8221; background_color_gradient_type=&#8221;radial&#8221; background_color_gradient_start_position=&#8221;26%&#8221; background_color_gradient_end_position=&#8221;82%&#8221; background_color_gradient_overlays_image=&#8221;on&#8221; background_image=&#8221;https:\/\/cdn.mihai.love\/romaniahealing\/wp-content\/uploads\/sites\/6\/2019\/01\/victor-garcia-1057436-unsplash.jpg&#8221; custom_margin=&#8221;||||false&#8221; custom_padding=&#8221;220px||220px||true|false&#8221; bottom_divider_color=&#8221;#fafafa&#8221; bottom_divider_height=&#8221;80px&#8221;][et_pb_row _builder_version=&#8221;3.25&#8243; background_size=&#8221;contain&#8221; animation_style=&#8221;zoom&#8221; animation_intensity_zoom=&#8221;10%&#8221;][et_pb_column type=&#8221;4_4&#8243; _builder_version=&#8221;3.25&#8243; custom_padding=&#8221;|||&#8221; custom_padding__hover=&#8221;|||&#8221;][et_pb_text _builder_version=&#8221;4.3&#8243; text_font=&#8221;||||||||&#8221; ul_font=&#8221;||||||||&#8221; ol_font=&#8221;||||||||&#8221; header_font=&#8221;Montserrat|500||on|||||&#8221; header_font_size=&#8221;18px&#8221; header_letter_spacing=&#8221;5px&#8221; header_line_height=&#8221;1.5em&#8221; header_2_font=&#8221;Merriweather|700|||||||&#8221; header_2_font_size=&#8221;60px&#8221; header_2_line_height=&#8221;1.4em&#8221; header_3_font=&#8221;||||||||&#8221; header_4_font=&#8221;||||||||&#8221; header_5_font=&#8221;||||||||&#8221; header_6_font=&#8221;||||||||&#8221; text_orientation=&#8221;center&#8221; background_layout=&#8221;dark&#8221; hover_enabled=&#8221;0&#8243; header_font_size_tablet=&#8221;&#8221; header_font_size_phone=&#8221;12px&#8221; header_font_size_last_edited=&#8221;on|desktop&#8221; header_2_font_size_tablet=&#8221;50px&#8221; header_2_font_size_phone=&#8221;30px&#8221; header_2_font_size_last_edited=&#8221;on|desktop&#8221; text_text_shadow_style=&#8221;preset1&#8243; text_text_shadow_vertical_length=&#8221;0.31em&#8221; text_text_shadow_blur_strength=&#8221;0.88em&#8221; text_text_shadow_color=&#8221;rgba(0,0,0,0.62)&#8221; header_text_shadow_style=&#8221;preset1&#8243; [&hellip;]<\/p>\n","protected":false},"author":1,"featured_media":0,"parent":0,"menu_order":0,"comment_status":"closed","ping_status":"closed","template":"","meta":{"footnotes":"","_et_pb_custom_css":""},"class_list":["post-206083","page","type-page","status-publish","hentry"],"_et_pb_custom_css":"","yoast_head":"<!-- This site is optimized with the Yoast SEO plugin v27.4 - https:\/\/yoast.com\/product\/yoast-seo-wordpress\/ -->\n<title>Comunitate - Romania Healing<\/title>\n<meta name=\"robots\" content=\"index, follow, max-snippet:-1, max-image-preview:large, max-video-preview:-1\" \/>\n<link rel=\"canonical\" href=\"https:\/\/mihai.love\/romaniahealing\/comunitate\/\" \/>\n<meta property=\"og:locale\" content=\"en_US\" \/>\n<meta property=\"og:type\" content=\"article\" \/>\n<meta property=\"og:title\" content=\"Comunitate - Romania Healing\" \/>\n<meta property=\"og:description\" content=\"[et_pb_section fb_built=&#8221;1&#8243; inner_shadow=&#8221;on&#8221; admin_label=&#8221;Header&#8221; _builder_version=&#8221;4.0.11&#8243; background_color=&#8221;#ffffff&#8221; use_background_color_gradient=&#8221;on&#8221; background_color_gradient_start=&#8221;rgba(1,48,70,0.72)&#8221; background_color_gradient_end=&#8221;rgba(4,112,72,0.47)&#8221; background_color_gradient_type=&#8221;radial&#8221; background_color_gradient_start_position=&#8221;26%&#8221; background_color_gradient_end_position=&#8221;82%&#8221; background_color_gradient_overlays_image=&#8221;on&#8221; background_image=&#8221;https:\/\/cdn.mihai.love\/romaniahealing\/wp-content\/uploads\/sites\/6\/2019\/01\/victor-garcia-1057436-unsplash.jpg&#8221; custom_margin=&#8221;||||false&#8221; custom_padding=&#8221;220px||220px||true|false&#8221; bottom_divider_color=&#8221;#fafafa&#8221; bottom_divider_height=&#8221;80px&#8221;][et_pb_row _builder_version=&#8221;3.25&#8243; background_size=&#8221;contain&#8221; animation_style=&#8221;zoom&#8221; animation_intensity_zoom=&#8221;10%&#8221;][et_pb_column type=&#8221;4_4&#8243; _builder_version=&#8221;3.25&#8243; custom_padding=&#8221;|||&#8221; custom_padding__hover=&#8221;|||&#8221;][et_pb_text _builder_version=&#8221;4.3&#8243; text_font=&#8221;||||||||&#8221; ul_font=&#8221;||||||||&#8221; ol_font=&#8221;||||||||&#8221; header_font=&#8221;Montserrat|500||on|||||&#8221; header_font_size=&#8221;18px&#8221; header_letter_spacing=&#8221;5px&#8221; header_line_height=&#8221;1.5em&#8221; header_2_font=&#8221;Merriweather|700|||||||&#8221; header_2_font_size=&#8221;60px&#8221; header_2_line_height=&#8221;1.4em&#8221; header_3_font=&#8221;||||||||&#8221; header_4_font=&#8221;||||||||&#8221; header_5_font=&#8221;||||||||&#8221; header_6_font=&#8221;||||||||&#8221; text_orientation=&#8221;center&#8221; background_layout=&#8221;dark&#8221; hover_enabled=&#8221;0&#8243; header_font_size_tablet=&#8221;&#8221; header_font_size_phone=&#8221;12px&#8221; header_font_size_last_edited=&#8221;on|desktop&#8221; header_2_font_size_tablet=&#8221;50px&#8221; header_2_font_size_phone=&#8221;30px&#8221; header_2_font_size_last_edited=&#8221;on|desktop&#8221; text_text_shadow_style=&#8221;preset1&#8243; text_text_shadow_vertical_length=&#8221;0.31em&#8221; text_text_shadow_blur_strength=&#8221;0.88em&#8221; text_text_shadow_color=&#8221;rgba(0,0,0,0.62)&#8221; header_text_shadow_style=&#8221;preset1&#8243; [&hellip;]\" \/>\n<meta property=\"og:url\" content=\"https:\/\/mihai.love\/romaniahealing\/comunitate\/\" \/>\n<meta property=\"og:site_name\" content=\"Romania Healing\" \/>\n<meta property=\"article:modified_time\" content=\"2020-03-14T17:09:40+00:00\" \/>\n<meta name=\"twitter:card\" content=\"summary_large_image\" \/>\n<meta name=\"twitter:label1\" content=\"Est. reading time\" \/>\n\t<meta name=\"twitter:data1\" content=\"5 minutes\" \/>\n<script type=\"application\/ld+json\" class=\"yoast-schema-graph\">{\"@context\":\"https:\\\/\\\/schema.org\",\"@graph\":[{\"@type\":\"WebPage\",\"@id\":\"https:\\\/\\\/mihai.love\\\/romaniahealing\\\/comunitate\\\/\",\"url\":\"https:\\\/\\\/mihai.love\\\/romaniahealing\\\/comunitate\\\/\",\"name\":\"Comunitate - Romania Healing\",\"isPartOf\":{\"@id\":\"https:\\\/\\\/mihai.love\\\/romaniahealing\\\/#website\"},\"datePublished\":\"2018-11-21T09:42:22+00:00\",\"dateModified\":\"2020-03-14T17:09:40+00:00\",\"breadcrumb\":{\"@id\":\"https:\\\/\\\/mihai.love\\\/romaniahealing\\\/comunitate\\\/#breadcrumb\"},\"inLanguage\":\"en-US\",\"potentialAction\":[{\"@type\":\"ReadAction\",\"target\":[\"https:\\\/\\\/mihai.love\\\/romaniahealing\\\/comunitate\\\/\"]}]},{\"@type\":\"BreadcrumbList\",\"@id\":\"https:\\\/\\\/mihai.love\\\/romaniahealing\\\/comunitate\\\/#breadcrumb\",\"itemListElement\":[{\"@type\":\"ListItem\",\"position\":1,\"name\":\"Home\",\"item\":\"https:\\\/\\\/mihai.love\\\/romaniahealing\\\/\"},{\"@type\":\"ListItem\",\"position\":2,\"name\":\"Comunitate\"}]},{\"@type\":\"WebSite\",\"@id\":\"https:\\\/\\\/mihai.love\\\/romaniahealing\\\/#website\",\"url\":\"https:\\\/\\\/mihai.love\\\/romaniahealing\\\/\",\"name\":\"Romania Healing\",\"description\":\"Stay on the path.\",\"potentialAction\":[{\"@type\":\"SearchAction\",\"target\":{\"@type\":\"EntryPoint\",\"urlTemplate\":\"https:\\\/\\\/mihai.love\\\/romaniahealing\\\/?s={search_term_string}\"},\"query-input\":{\"@type\":\"PropertyValueSpecification\",\"valueRequired\":true,\"valueName\":\"search_term_string\"}}],\"inLanguage\":\"en-US\"}]}<\/script>\n<!-- \/ Yoast SEO plugin. -->","yoast_head_json":{"title":"Comunitate - Romania Healing","robots":{"index":"index","follow":"follow","max-snippet":"max-snippet:-1","max-image-preview":"max-image-preview:large","max-video-preview":"max-video-preview:-1"},"canonical":"https:\/\/mihai.love\/romaniahealing\/comunitate\/","og_locale":"en_US","og_type":"article","og_title":"Comunitate - Romania Healing","og_description":"[et_pb_section fb_built=&#8221;1&#8243; inner_shadow=&#8221;on&#8221; admin_label=&#8221;Header&#8221; _builder_version=&#8221;4.0.11&#8243; background_color=&#8221;#ffffff&#8221; use_background_color_gradient=&#8221;on&#8221; background_color_gradient_start=&#8221;rgba(1,48,70,0.72)&#8221; background_color_gradient_end=&#8221;rgba(4,112,72,0.47)&#8221; background_color_gradient_type=&#8221;radial&#8221; background_color_gradient_start_position=&#8221;26%&#8221; background_color_gradient_end_position=&#8221;82%&#8221; background_color_gradient_overlays_image=&#8221;on&#8221; background_image=&#8221;https:\/\/cdn.mihai.love\/romaniahealing\/wp-content\/uploads\/sites\/6\/2019\/01\/victor-garcia-1057436-unsplash.jpg&#8221; custom_margin=&#8221;||||false&#8221; custom_padding=&#8221;220px||220px||true|false&#8221; bottom_divider_color=&#8221;#fafafa&#8221; bottom_divider_height=&#8221;80px&#8221;][et_pb_row _builder_version=&#8221;3.25&#8243; background_size=&#8221;contain&#8221; animation_style=&#8221;zoom&#8221; animation_intensity_zoom=&#8221;10%&#8221;][et_pb_column type=&#8221;4_4&#8243; _builder_version=&#8221;3.25&#8243; custom_padding=&#8221;|||&#8221; custom_padding__hover=&#8221;|||&#8221;][et_pb_text _builder_version=&#8221;4.3&#8243; text_font=&#8221;||||||||&#8221; ul_font=&#8221;||||||||&#8221; ol_font=&#8221;||||||||&#8221; header_font=&#8221;Montserrat|500||on|||||&#8221; header_font_size=&#8221;18px&#8221; header_letter_spacing=&#8221;5px&#8221; header_line_height=&#8221;1.5em&#8221; header_2_font=&#8221;Merriweather|700|||||||&#8221; header_2_font_size=&#8221;60px&#8221; header_2_line_height=&#8221;1.4em&#8221; header_3_font=&#8221;||||||||&#8221; header_4_font=&#8221;||||||||&#8221; header_5_font=&#8221;||||||||&#8221; header_6_font=&#8221;||||||||&#8221; text_orientation=&#8221;center&#8221; background_layout=&#8221;dark&#8221; hover_enabled=&#8221;0&#8243; header_font_size_tablet=&#8221;&#8221; header_font_size_phone=&#8221;12px&#8221; header_font_size_last_edited=&#8221;on|desktop&#8221; header_2_font_size_tablet=&#8221;50px&#8221; header_2_font_size_phone=&#8221;30px&#8221; header_2_font_size_last_edited=&#8221;on|desktop&#8221; text_text_shadow_style=&#8221;preset1&#8243; text_text_shadow_vertical_length=&#8221;0.31em&#8221; text_text_shadow_blur_strength=&#8221;0.88em&#8221; text_text_shadow_color=&#8221;rgba(0,0,0,0.62)&#8221; header_text_shadow_style=&#8221;preset1&#8243; [&hellip;]","og_url":"https:\/\/mihai.love\/romaniahealing\/comunitate\/","og_site_name":"Romania Healing","article_modified_time":"2020-03-14T17:09:40+00:00","twitter_card":"summary_large_image","twitter_misc":{"Est. reading time":"5 minutes"},"schema":{"@context":"https:\/\/schema.org","@graph":[{"@type":"WebPage","@id":"https:\/\/mihai.love\/romaniahealing\/comunitate\/","url":"https:\/\/mihai.love\/romaniahealing\/comunitate\/","name":"Comunitate - Romania Healing","isPartOf":{"@id":"https:\/\/mihai.love\/romaniahealing\/#website"},"datePublished":"2018-11-21T09:42:22+00:00","dateModified":"2020-03-14T17:09:40+00:00","breadcrumb":{"@id":"https:\/\/mihai.love\/romaniahealing\/comunitate\/#breadcrumb"},"inLanguage":"en-US","potentialAction":[{"@type":"ReadAction","target":["https:\/\/mihai.love\/romaniahealing\/comunitate\/"]}]},{"@type":"BreadcrumbList","@id":"https:\/\/mihai.love\/romaniahealing\/comunitate\/#breadcrumb","itemListElement":[{"@type":"ListItem","position":1,"name":"Home","item":"https:\/\/mihai.love\/romaniahealing\/"},{"@type":"ListItem","position":2,"name":"Comunitate"}]},{"@type":"WebSite","@id":"https:\/\/mihai.love\/romaniahealing\/#website","url":"https:\/\/mihai.love\/romaniahealing\/","name":"Romania Healing","description":"Stay on the path.","potentialAction":[{"@type":"SearchAction","target":{"@type":"EntryPoint","urlTemplate":"https:\/\/mihai.love\/romaniahealing\/?s={search_term_string}"},"query-input":{"@type":"PropertyValueSpecification","valueRequired":true,"valueName":"search_term_string"}}],"inLanguage":"en-US"}]}},"_links":{"self":[{"href":"https:\/\/mihai.love\/romaniahealing\/wp-json\/wp\/v2\/pages\/206083","targetHints":{"allow":["GET"]}}],"collection":[{"href":"https:\/\/mihai.love\/romaniahealing\/wp-json\/wp\/v2\/pages"}],"about":[{"href":"https:\/\/mihai.love\/romaniahealing\/wp-json\/wp\/v2\/types\/page"}],"author":[{"embeddable":true,"href":"https:\/\/mihai.love\/romaniahealing\/wp-json\/wp\/v2\/users\/1"}],"replies":[{"embeddable":true,"href":"https:\/\/mihai.love\/romaniahealing\/wp-json\/wp\/v2\/comments?post=206083"}],"version-history":[{"count":10,"href":"https:\/\/mihai.love\/romaniahealing\/wp-json\/wp\/v2\/pages\/206083\/revisions"}],"predecessor-version":[{"id":218149,"href":"https:\/\/mihai.love\/romaniahealing\/wp-json\/wp\/v2\/pages\/206083\/revisions\/218149"}],"wp:attachment":[{"href":"https:\/\/mihai.love\/romaniahealing\/wp-json\/wp\/v2\/media?parent=206083"}],"curies":[{"name":"wp","href":"https:\/\/api.w.org\/{rel}","templated":true}]}}