{"id":205781,"date":"2018-10-19T15:41:48","date_gmt":"2018-10-19T15:41:48","guid":{"rendered":"https:\/\/mihai.love\/romaniahealing\/?post_type=product&#038;p=205781"},"modified":"2018-10-19T20:49:18","modified_gmt":"2018-10-19T20:49:18","slug":"sambure-cu-croton-kokedama-vie","status":"publish","type":"product","link":"https:\/\/mihai.love\/romaniahealing\/product\/sambure-cu-croton-kokedama-vie\/","title":{"rendered":"S\u00e2mbure cu Croton \/ kokedama vie"},"content":{"rendered":"<p>[et_pb_section bb_built=&#8221;1&#8243;][et_pb_row _builder_version=&#8221;3.17.2&#8243; gutter_width=&#8221;3&#8243; make_equal=&#8221;on&#8221;][et_pb_column type=&#8221;4_4&#8243;][et_pb_text _builder_version=&#8221;3.17.2&#8243;]<\/p>\n<h2>Cum \u00eengrije\u0219ti S\u00e2mburele cu Croton<\/h2>\n<ul>\n<li>a\u0219az\u0103-l \u00eentr-un loc luminos, dar ferit de razele directe ale soarelui. De asemenea este foarte sensibil la curen\u021bii de aer.<\/li>\n<li>pentru a-l uda, scufund\u0103-l p\u00e2n\u0103 la nivelul frunzelor \u00eentr-un recipient cu ap\u0103 la temperatura camerei, pentru aproximativ 10 minute, apoi las\u0103-l s\u0103 se scurg\u0103 \u0219i pune-l \u00eenapoi la locul lui. Po\u021bi face asta o dat\u0103 pe s\u0103pt\u0103m\u00e2n\u0103, la \u00eenceput. \u00cen timp, urm\u0103rindu-l, vei \u0219ti c\u00e2nd are nevoie s\u0103 fie udat. O s\u0103 observi c\u0103 este considerabil mai u\u0219or atunci c\u00e2nd are nevoie de ap\u0103. Prim\u0103vara \u0219i vara are nevoie de mai mult\u0103 ap\u0103, a\u0219adar \u00ee\u021bi recomand\u0103m udarea lui la 4-5 zile.<\/li>\n<li>pulverizeaz\u0103-l cu ap\u0103, pe mu\u0219chi \u0219i pe frunze, chiar \u0219i zilnic \u00een perioada foarte c\u0103lduroas\u0103, pentru a men\u021bine mu\u0219chiul verde, pentru ca frunzele plantei s\u0103 poat\u0103 respira \u0219i pentru a-i oferi tot confortul de care are nevoie.<\/li>\n<li>dac\u0103 observi c\u0103 planta \u00ee\u0219i pierde frunzele de la baz\u0103 sau c\u0103 acestea au c\u0103p\u0103tat culori palide, acest lucru \u00eenseamn\u0103 c\u0103 are nevoie de mai mult\u0103 umididate \u00een \u00eenc\u0103perea \u00een care se afl\u0103. De asemenea, vara, c\u00e2nd temperaturile sunt ridicate, frunzele de Croton pot c\u0103p\u0103ta o culoare mai deschis\u0103, ca de plant\u0103 bolnav\u0103. Pentru a \u00eempiedica acest lucru, mut\u0103 s\u00e2mburele cu Croton \u00eentr-un loc mai r\u0103coros dar \u00een care temperatura nu scade cu mult sub 20 de grade Celsius.<\/li>\n<\/ul>\n<p>[\/et_pb_text][\/et_pb_column][\/et_pb_row][et_pb_row _builder_version=&#8221;3.17.2&#8243; background_image=&#8221;https:\/\/mihai.love\/romaniahealing\/wp-content\/uploads\/sites\/6\/2018\/10\/sambure-cover.jpg&#8221; parallax=&#8221;on&#8221; parallax_method=&#8221;off&#8221;][et_pb_column type=&#8221;4_4&#8243;][et_pb_text _builder_version=&#8221;3.17.2&#8243; background_color=&#8221;rgba(1,48,70,0.64)&#8221; custom_padding=&#8221;33px|22px|33px|22px&#8221; border_radii=&#8221;on|33px|33px|33px|33px&#8221; custom_margin=&#8221;33px|22px|33px|22px&#8221; background_layout=&#8221;dark&#8221;]<\/p>\n<h2>S\u00e2mbure de natur\u0103<\/h2>\n<p><a href=\"https:\/\/www.facebook.com\/sambure.de.natura\/\">S\u00e2mbure <\/a>este un \u201dcopil\u201d de suflet care a unit dou\u0103 femei\/dou\u0103 mame \u00eentr-un proiect comun, cu un scop comun: acela de a aduce natura, verde, proasp\u0103t\u0103, cu miros de p\u0103m\u00e2nt, mu\u0219chi \u0219i p\u0103dure, \u00een c\u00e2t mai multe case, \u00een c\u00e2t mai multe spa\u021bii \u0219i la c\u00e2\u021bi mai mul\u021bi oameni. Cu aceast\u0103 dorin\u021b\u0103 am pornit la c\u0103utat de plante\u00a0care s\u0103 aduc\u0103 c\u00e2t mai mult\u0103 bucurie celor la care ajung. Am pornit la cutreierat p\u0103durea dup\u0103 mu\u0219chi proasp\u0103t \u0219i inspira\u021bie.<\/p>\n<p>[\/et_pb_text][\/et_pb_column][\/et_pb_row][\/et_pb_section]<\/p>\n","protected":false},"excerpt":{"rendered":"<p>S\u00e2mbure de natur\u0103 cu <strong>Croton<\/strong><\/p>\n<p>O kokedama este o bil\u0103 de p\u0103m\u00e2nt acoperit\u0103 cu mu\u0219chi de p\u0103dure. \u00cen centrul ei este o plant\u0103 vie cu r\u0103d\u0103cini.<\/p>\n","protected":false},"featured_media":205783,"comment_status":"open","ping_status":"closed","template":"","meta":[],"product_brand":[],"product_cat":[129],"product_tag":[],"class_list":{"0":"post-205781","1":"product","2":"type-product","3":"status-publish","4":"has-post-thumbnail","6":"product_cat-sambure","8":"first","9":"instock","10":"sale","11":"taxable","12":"shipping-taxable","13":"purchasable","14":"product-type-simple"},"yoast_head":"<!-- This site is optimized with the Yoast SEO plugin v27.4 - https:\/\/yoast.com\/product\/yoast-seo-wordpress\/ -->\n<title>S\u00e2mbure cu Croton \/ kokedama vie - Romania Healing<\/title>\n<meta name=\"robots\" content=\"index, follow, max-snippet:-1, max-image-preview:large, max-video-preview:-1\" \/>\n<link rel=\"canonical\" href=\"https:\/\/mihai.love\/romaniahealing\/product\/sambure-cu-croton-kokedama-vie\/\" \/>\n<meta property=\"og:locale\" content=\"en_US\" \/>\n<meta property=\"og:type\" content=\"article\" \/>\n<meta property=\"og:title\" content=\"S\u00e2mbure cu Croton \/ kokedama vie - Romania Healing\" \/>\n<meta property=\"og:description\" content=\"S\u00e2mbure de natur\u0103 cu Croton  O kokedama este o bil\u0103 de p\u0103m\u00e2nt acoperit\u0103 cu mu\u0219chi de p\u0103dure. \u00cen centrul ei este o plant\u0103 vie cu r\u0103d\u0103cini.\" \/>\n<meta property=\"og:url\" content=\"https:\/\/mihai.love\/romaniahealing\/product\/sambure-cu-croton-kokedama-vie\/\" \/>\n<meta property=\"og:site_name\" content=\"Romania Healing\" \/>\n<meta property=\"article:modified_time\" content=\"2018-10-19T20:49:18+00:00\" \/>\n<meta property=\"og:image\" content=\"https:\/\/mihai.love\/romaniahealing\/wp-content\/uploads\/sites\/6\/2018\/10\/sambure-croton.jpg\" \/>\n\t<meta property=\"og:image:width\" content=\"1920\" \/>\n\t<meta property=\"og:image:height\" content=\"1440\" \/>\n\t<meta property=\"og:image:type\" content=\"image\/jpeg\" \/>\n<meta name=\"twitter:card\" content=\"summary_large_image\" \/>\n<meta name=\"twitter:label1\" content=\"Est. reading time\" \/>\n\t<meta name=\"twitter:data1\" content=\"2 minutes\" \/>\n<script type=\"application\/ld+json\" class=\"yoast-schema-graph\">{\"@context\":\"https:\\\/\\\/schema.org\",\"@graph\":[{\"@type\":\"WebPage\",\"@id\":\"https:\\\/\\\/mihai.love\\\/romaniahealing\\\/product\\\/sambure-cu-croton-kokedama-vie\\\/\",\"url\":\"https:\\\/\\\/mihai.love\\\/romaniahealing\\\/product\\\/sambure-cu-croton-kokedama-vie\\\/\",\"name\":\"S\u00e2mbure cu Croton \\\/ kokedama vie - Romania Healing\",\"isPartOf\":{\"@id\":\"https:\\\/\\\/mihai.love\\\/romaniahealing\\\/#website\"},\"primaryImageOfPage\":{\"@id\":\"https:\\\/\\\/mihai.love\\\/romaniahealing\\\/product\\\/sambure-cu-croton-kokedama-vie\\\/#primaryimage\"},\"image\":{\"@id\":\"https:\\\/\\\/mihai.love\\\/romaniahealing\\\/product\\\/sambure-cu-croton-kokedama-vie\\\/#primaryimage\"},\"thumbnailUrl\":\"https:\\\/\\\/mihai.love\\\/romaniahealing\\\/wp-content\\\/uploads\\\/sites\\\/6\\\/2018\\\/10\\\/sambure-croton.jpg\",\"datePublished\":\"2018-10-19T15:41:48+00:00\",\"dateModified\":\"2018-10-19T20:49:18+00:00\",\"breadcrumb\":{\"@id\":\"https:\\\/\\\/mihai.love\\\/romaniahealing\\\/product\\\/sambure-cu-croton-kokedama-vie\\\/#breadcrumb\"},\"inLanguage\":\"en-US\",\"potentialAction\":[{\"@type\":\"ReadAction\",\"target\":[\"https:\\\/\\\/mihai.love\\\/romaniahealing\\\/product\\\/sambure-cu-croton-kokedama-vie\\\/\"]}]},{\"@type\":\"ImageObject\",\"inLanguage\":\"en-US\",\"@id\":\"https:\\\/\\\/mihai.love\\\/romaniahealing\\\/product\\\/sambure-cu-croton-kokedama-vie\\\/#primaryimage\",\"url\":\"https:\\\/\\\/mihai.love\\\/romaniahealing\\\/wp-content\\\/uploads\\\/sites\\\/6\\\/2018\\\/10\\\/sambure-croton.jpg\",\"contentUrl\":\"https:\\\/\\\/mihai.love\\\/romaniahealing\\\/wp-content\\\/uploads\\\/sites\\\/6\\\/2018\\\/10\\\/sambure-croton.jpg\",\"width\":1920,\"height\":1440,\"caption\":\"S\u00e2mbure cu Croton\"},{\"@type\":\"BreadcrumbList\",\"@id\":\"https:\\\/\\\/mihai.love\\\/romaniahealing\\\/product\\\/sambure-cu-croton-kokedama-vie\\\/#breadcrumb\",\"itemListElement\":[{\"@type\":\"ListItem\",\"position\":1,\"name\":\"Home\",\"item\":\"https:\\\/\\\/mihai.love\\\/romaniahealing\\\/\"},{\"@type\":\"ListItem\",\"position\":2,\"name\":\"Shop\",\"item\":\"https:\\\/\\\/mihai.love\\\/romaniahealing\\\/?page_id=205327\"},{\"@type\":\"ListItem\",\"position\":3,\"name\":\"S\u00e2mbure cu Croton \\\/ kokedama vie\"}]},{\"@type\":\"WebSite\",\"@id\":\"https:\\\/\\\/mihai.love\\\/romaniahealing\\\/#website\",\"url\":\"https:\\\/\\\/mihai.love\\\/romaniahealing\\\/\",\"name\":\"Romania Healing\",\"description\":\"Stay on the path.\",\"potentialAction\":[{\"@type\":\"SearchAction\",\"target\":{\"@type\":\"EntryPoint\",\"urlTemplate\":\"https:\\\/\\\/mihai.love\\\/romaniahealing\\\/?s={search_term_string}\"},\"query-input\":{\"@type\":\"PropertyValueSpecification\",\"valueRequired\":true,\"valueName\":\"search_term_string\"}}],\"inLanguage\":\"en-US\"}]}<\/script>\n<!-- \/ Yoast SEO plugin. -->","yoast_head_json":{"title":"S\u00e2mbure cu Croton \/ kokedama vie - Romania Healing","robots":{"index":"index","follow":"follow","max-snippet":"max-snippet:-1","max-image-preview":"max-image-preview:large","max-video-preview":"max-video-preview:-1"},"canonical":"https:\/\/mihai.love\/romaniahealing\/product\/sambure-cu-croton-kokedama-vie\/","og_locale":"en_US","og_type":"article","og_title":"S\u00e2mbure cu Croton \/ kokedama vie - Romania Healing","og_description":"S\u00e2mbure de natur\u0103 cu Croton  O kokedama este o bil\u0103 de p\u0103m\u00e2nt acoperit\u0103 cu mu\u0219chi de p\u0103dure. \u00cen centrul ei este o plant\u0103 vie cu r\u0103d\u0103cini.","og_url":"https:\/\/mihai.love\/romaniahealing\/product\/sambure-cu-croton-kokedama-vie\/","og_site_name":"Romania Healing","article_modified_time":"2018-10-19T20:49:18+00:00","og_image":[{"width":1920,"height":1440,"url":"https:\/\/mihai.love\/romaniahealing\/wp-content\/uploads\/sites\/6\/2018\/10\/sambure-croton.jpg","type":"image\/jpeg"}],"twitter_card":"summary_large_image","twitter_misc":{"Est. reading time":"2 minutes"},"schema":{"@context":"https:\/\/schema.org","@graph":[{"@type":"WebPage","@id":"https:\/\/mihai.love\/romaniahealing\/product\/sambure-cu-croton-kokedama-vie\/","url":"https:\/\/mihai.love\/romaniahealing\/product\/sambure-cu-croton-kokedama-vie\/","name":"S\u00e2mbure cu Croton \/ kokedama vie - Romania Healing","isPartOf":{"@id":"https:\/\/mihai.love\/romaniahealing\/#website"},"primaryImageOfPage":{"@id":"https:\/\/mihai.love\/romaniahealing\/product\/sambure-cu-croton-kokedama-vie\/#primaryimage"},"image":{"@id":"https:\/\/mihai.love\/romaniahealing\/product\/sambure-cu-croton-kokedama-vie\/#primaryimage"},"thumbnailUrl":"https:\/\/mihai.love\/romaniahealing\/wp-content\/uploads\/sites\/6\/2018\/10\/sambure-croton.jpg","datePublished":"2018-10-19T15:41:48+00:00","dateModified":"2018-10-19T20:49:18+00:00","breadcrumb":{"@id":"https:\/\/mihai.love\/romaniahealing\/product\/sambure-cu-croton-kokedama-vie\/#breadcrumb"},"inLanguage":"en-US","potentialAction":[{"@type":"ReadAction","target":["https:\/\/mihai.love\/romaniahealing\/product\/sambure-cu-croton-kokedama-vie\/"]}]},{"@type":"ImageObject","inLanguage":"en-US","@id":"https:\/\/mihai.love\/romaniahealing\/product\/sambure-cu-croton-kokedama-vie\/#primaryimage","url":"https:\/\/mihai.love\/romaniahealing\/wp-content\/uploads\/sites\/6\/2018\/10\/sambure-croton.jpg","contentUrl":"https:\/\/mihai.love\/romaniahealing\/wp-content\/uploads\/sites\/6\/2018\/10\/sambure-croton.jpg","width":1920,"height":1440,"caption":"S\u00e2mbure cu Croton"},{"@type":"BreadcrumbList","@id":"https:\/\/mihai.love\/romaniahealing\/product\/sambure-cu-croton-kokedama-vie\/#breadcrumb","itemListElement":[{"@type":"ListItem","position":1,"name":"Home","item":"https:\/\/mihai.love\/romaniahealing\/"},{"@type":"ListItem","position":2,"name":"Shop","item":"https:\/\/mihai.love\/romaniahealing\/?page_id=205327"},{"@type":"ListItem","position":3,"name":"S\u00e2mbure cu Croton \/ kokedama vie"}]},{"@type":"WebSite","@id":"https:\/\/mihai.love\/romaniahealing\/#website","url":"https:\/\/mihai.love\/romaniahealing\/","name":"Romania Healing","description":"Stay on the path.","potentialAction":[{"@type":"SearchAction","target":{"@type":"EntryPoint","urlTemplate":"https:\/\/mihai.love\/romaniahealing\/?s={search_term_string}"},"query-input":{"@type":"PropertyValueSpecification","valueRequired":true,"valueName":"search_term_string"}}],"inLanguage":"en-US"}]}},"_links":{"self":[{"href":"https:\/\/mihai.love\/romaniahealing\/wp-json\/wp\/v2\/product\/205781","targetHints":{"allow":["GET"]}}],"collection":[{"href":"https:\/\/mihai.love\/romaniahealing\/wp-json\/wp\/v2\/product"}],"about":[{"href":"https:\/\/mihai.love\/romaniahealing\/wp-json\/wp\/v2\/types\/product"}],"replies":[{"embeddable":true,"href":"https:\/\/mihai.love\/romaniahealing\/wp-json\/wp\/v2\/comments?post=205781"}],"wp:featuredmedia":[{"embeddable":true,"href":"https:\/\/mihai.love\/romaniahealing\/wp-json\/wp\/v2\/media\/205783"}],"wp:attachment":[{"href":"https:\/\/mihai.love\/romaniahealing\/wp-json\/wp\/v2\/media?parent=205781"}],"wp:term":[{"taxonomy":"product_brand","embeddable":true,"href":"https:\/\/mihai.love\/romaniahealing\/wp-json\/wp\/v2\/product_brand?post=205781"},{"taxonomy":"product_cat","embeddable":true,"href":"https:\/\/mihai.love\/romaniahealing\/wp-json\/wp\/v2\/product_cat?post=205781"},{"taxonomy":"product_tag","embeddable":true,"href":"https:\/\/mihai.love\/romaniahealing\/wp-json\/wp\/v2\/product_tag?post=205781"}],"curies":[{"name":"wp","href":"https:\/\/api.w.org\/{rel}","templated":true}]}}