{"id":291,"date":"2020-07-10T12:08:29","date_gmt":"2020-07-10T12:08:29","guid":{"rendered":"https:\/\/mihai.love\/sambure\/?page_id=291"},"modified":"2020-07-10T12:08:29","modified_gmt":"2020-07-10T12:08:29","slug":"workshop-gradina-interiora","status":"publish","type":"page","link":"https:\/\/mihai.love\/sambure\/workshop-gradina-interiora\/","title":{"rendered":"Workshop gr\u0103din\u0103 interior\u0103"},"content":{"rendered":"<p><iframe class=\"wp-embedded-content\" sandbox=\"allow-scripts\" security=\"restricted\" title=\"Untitled\" src=\"https:\/\/www.canva.com\/design\/DAEBfdViqg4\/view?embed&#038;meta#?secret=iNWXCFm8Kf\" data-secret=\"iNWXCFm8Kf\" height=\"656\" width=\"1080\"><\/iframe><\/p>\n<p>&nbsp;<\/p>\n","protected":false},"excerpt":{"rendered":"<p>&nbsp;<\/p>\n","protected":false},"author":1,"featured_media":0,"parent":0,"menu_order":0,"comment_status":"closed","ping_status":"closed","template":"","meta":{"footnotes":"","_et_pb_custom_css":""},"class_list":["post-291","page","type-page","status-publish","hentry"],"_et_pb_custom_css":"","yoast_head":"<!-- This site is optimized with the Yoast SEO plugin v27.3 - https:\/\/yoast.com\/product\/yoast-seo-wordpress\/ -->\n<title>Workshop gr\u0103din\u0103 interior\u0103 - S\u00e2mbure de Natur\u0103<\/title>\n<meta name=\"robots\" content=\"index, follow, max-snippet:-1, max-image-preview:large, max-video-preview:-1\" \/>\n<link rel=\"canonical\" href=\"https:\/\/mihai.love\/sambure\/workshop-gradina-interiora\/\" \/>\n<meta property=\"og:locale\" content=\"en_US\" \/>\n<meta property=\"og:type\" content=\"article\" \/>\n<meta property=\"og:title\" content=\"Workshop gr\u0103din\u0103 interior\u0103 - S\u00e2mbure de Natur\u0103\" \/>\n<meta property=\"og:description\" content=\"&nbsp;\" \/>\n<meta property=\"og:url\" content=\"https:\/\/mihai.love\/sambure\/workshop-gradina-interiora\/\" \/>\n<meta property=\"og:site_name\" content=\"S\u00e2mbure de Natur\u0103\" \/>\n<meta name=\"twitter:card\" content=\"summary_large_image\" \/>\n<script type=\"application\/ld+json\" class=\"yoast-schema-graph\">{\"@context\":\"https:\\\/\\\/schema.org\",\"@graph\":[{\"@type\":\"WebPage\",\"@id\":\"https:\\\/\\\/mihai.love\\\/sambure\\\/workshop-gradina-interiora\\\/\",\"url\":\"https:\\\/\\\/mihai.love\\\/sambure\\\/workshop-gradina-interiora\\\/\",\"name\":\"Workshop gr\u0103din\u0103 interior\u0103 - S\u00e2mbure de Natur\u0103\",\"isPartOf\":{\"@id\":\"https:\\\/\\\/mihai.love\\\/sambure\\\/#website\"},\"datePublished\":\"2020-07-10T12:08:29+00:00\",\"breadcrumb\":{\"@id\":\"https:\\\/\\\/mihai.love\\\/sambure\\\/workshop-gradina-interiora\\\/#breadcrumb\"},\"inLanguage\":\"en-US\",\"potentialAction\":[{\"@type\":\"ReadAction\",\"target\":[\"https:\\\/\\\/mihai.love\\\/sambure\\\/workshop-gradina-interiora\\\/\"]}]},{\"@type\":\"BreadcrumbList\",\"@id\":\"https:\\\/\\\/mihai.love\\\/sambure\\\/workshop-gradina-interiora\\\/#breadcrumb\",\"itemListElement\":[{\"@type\":\"ListItem\",\"position\":1,\"name\":\"Home\",\"item\":\"https:\\\/\\\/mihai.love\\\/sambure\\\/\"},{\"@type\":\"ListItem\",\"position\":2,\"name\":\"Workshop gr\u0103din\u0103 interior\u0103\"}]},{\"@type\":\"WebSite\",\"@id\":\"https:\\\/\\\/mihai.love\\\/sambure\\\/#website\",\"url\":\"https:\\\/\\\/mihai.love\\\/sambure\\\/\",\"name\":\"S\u00e2mbure de Natur\u0103\",\"description\":\"We write stories about #mothernature. With Earth Seeds, Water Seeds, Air Seeds. We work with our hands and hearts\",\"potentialAction\":[{\"@type\":\"SearchAction\",\"target\":{\"@type\":\"EntryPoint\",\"urlTemplate\":\"https:\\\/\\\/mihai.love\\\/sambure\\\/?s={search_term_string}\"},\"query-input\":{\"@type\":\"PropertyValueSpecification\",\"valueRequired\":true,\"valueName\":\"search_term_string\"}}],\"inLanguage\":\"en-US\"}]}<\/script>\n<!-- \/ Yoast SEO plugin. -->","yoast_head_json":{"title":"Workshop gr\u0103din\u0103 interior\u0103 - S\u00e2mbure de Natur\u0103","robots":{"index":"index","follow":"follow","max-snippet":"max-snippet:-1","max-image-preview":"max-image-preview:large","max-video-preview":"max-video-preview:-1"},"canonical":"https:\/\/mihai.love\/sambure\/workshop-gradina-interiora\/","og_locale":"en_US","og_type":"article","og_title":"Workshop gr\u0103din\u0103 interior\u0103 - S\u00e2mbure de Natur\u0103","og_description":"&nbsp;","og_url":"https:\/\/mihai.love\/sambure\/workshop-gradina-interiora\/","og_site_name":"S\u00e2mbure de Natur\u0103","twitter_card":"summary_large_image","schema":{"@context":"https:\/\/schema.org","@graph":[{"@type":"WebPage","@id":"https:\/\/mihai.love\/sambure\/workshop-gradina-interiora\/","url":"https:\/\/mihai.love\/sambure\/workshop-gradina-interiora\/","name":"Workshop gr\u0103din\u0103 interior\u0103 - S\u00e2mbure de Natur\u0103","isPartOf":{"@id":"https:\/\/mihai.love\/sambure\/#website"},"datePublished":"2020-07-10T12:08:29+00:00","breadcrumb":{"@id":"https:\/\/mihai.love\/sambure\/workshop-gradina-interiora\/#breadcrumb"},"inLanguage":"en-US","potentialAction":[{"@type":"ReadAction","target":["https:\/\/mihai.love\/sambure\/workshop-gradina-interiora\/"]}]},{"@type":"BreadcrumbList","@id":"https:\/\/mihai.love\/sambure\/workshop-gradina-interiora\/#breadcrumb","itemListElement":[{"@type":"ListItem","position":1,"name":"Home","item":"https:\/\/mihai.love\/sambure\/"},{"@type":"ListItem","position":2,"name":"Workshop gr\u0103din\u0103 interior\u0103"}]},{"@type":"WebSite","@id":"https:\/\/mihai.love\/sambure\/#website","url":"https:\/\/mihai.love\/sambure\/","name":"S\u00e2mbure de Natur\u0103","description":"We write stories about #mothernature. With Earth Seeds, Water Seeds, Air Seeds. We work with our hands and hearts","potentialAction":[{"@type":"SearchAction","target":{"@type":"EntryPoint","urlTemplate":"https:\/\/mihai.love\/sambure\/?s={search_term_string}"},"query-input":{"@type":"PropertyValueSpecification","valueRequired":true,"valueName":"search_term_string"}}],"inLanguage":"en-US"}]}},"_links":{"self":[{"href":"https:\/\/mihai.love\/sambure\/wp-json\/wp\/v2\/pages\/291","targetHints":{"allow":["GET"]}}],"collection":[{"href":"https:\/\/mihai.love\/sambure\/wp-json\/wp\/v2\/pages"}],"about":[{"href":"https:\/\/mihai.love\/sambure\/wp-json\/wp\/v2\/types\/page"}],"author":[{"embeddable":true,"href":"https:\/\/mihai.love\/sambure\/wp-json\/wp\/v2\/users\/1"}],"replies":[{"embeddable":true,"href":"https:\/\/mihai.love\/sambure\/wp-json\/wp\/v2\/comments?post=291"}],"version-history":[{"count":1,"href":"https:\/\/mihai.love\/sambure\/wp-json\/wp\/v2\/pages\/291\/revisions"}],"predecessor-version":[{"id":292,"href":"https:\/\/mihai.love\/sambure\/wp-json\/wp\/v2\/pages\/291\/revisions\/292"}],"wp:attachment":[{"href":"https:\/\/mihai.love\/sambure\/wp-json\/wp\/v2\/media?parent=291"}],"curies":[{"name":"wp","href":"https:\/\/api.w.org\/{rel}","templated":true}]}}